{"id":4,"date":"2020-03-19T20:27:13","date_gmt":"2020-03-19T20:27:13","guid":{"rendered":"http:\/\/aarhuschallenge.dk\/?page_id=4"},"modified":"2026-01-04T15:45:23","modified_gmt":"2026-01-04T15:45:23","slug":"aarhus-adventure-challenge","status":"publish","type":"page","link":"https:\/\/aarhuschallenge.dk\/","title":{"rendered":""},"content":{"rendered":"\n<div class=\"wp-block-cover aligncenter is-light ticss-8f52b021\" style=\"min-height:468px;aspect-ratio:unset;\"><img loading=\"lazy\" decoding=\"async\" width=\"1936\" height=\"1296\" class=\"wp-block-cover__image-background wp-image-359\" alt=\"\" src=\"http:\/\/aarhuschallenge.dk\/wp-content\/uploads\/2020\/12\/123138044_195251488782978_8640419504497038714_o.jpg\" data-object-fit=\"cover\" srcset=\"https:\/\/aarhuschallenge.dk\/wp-content\/uploads\/2020\/12\/123138044_195251488782978_8640419504497038714_o.jpg 1936w, https:\/\/aarhuschallenge.dk\/wp-content\/uploads\/2020\/12\/123138044_195251488782978_8640419504497038714_o-300x201.jpg 300w, https:\/\/aarhuschallenge.dk\/wp-content\/uploads\/2020\/12\/123138044_195251488782978_8640419504497038714_o-1024x685.jpg 1024w, https:\/\/aarhuschallenge.dk\/wp-content\/uploads\/2020\/12\/123138044_195251488782978_8640419504497038714_o-768x514.jpg 768w, https:\/\/aarhuschallenge.dk\/wp-content\/uploads\/2020\/12\/123138044_195251488782978_8640419504497038714_o-1536x1028.jpg 1536w\" sizes=\"auto, (max-width: 1936px) 100vw, 1936px\" \/><span aria-hidden=\"true\" class=\"wp-block-cover__background has-background-dim\"><\/span><div class=\"wp-block-cover__inner-container is-layout-flow wp-block-cover-is-layout-flow\">\n<p class=\"has-text-align-center ticss-227b96d8 has-nv-site-bg-color has-text-color has-large-font-size\">Aarhus Adventure Challenge 2026<br><\/p>\n\n\n\n<div class=\"wp-block-button ticss-1c8a46ff aligncenter\"><a class=\"wp-block-button__link has-neve-button-color-background-color has-background wp-element-button\" href=\"http:\/\/ar-union.dk\">Dansk Adventure Race Union<\/a><\/div>\n\n\n\n<p><\/p>\n\n\n\n<p class=\"has-text-align-center has-nv-site-bg-color has-text-color\"><\/p>\n\n\n\n<p><\/p>\n<\/div><\/div>\n\n\n\n<div class=\"wp-block-columns ticss-8fbcf701 is-layout-flex wp-container-core-columns-is-layout-9d6595d7 wp-block-columns-is-layout-flex\">\n<div class=\"wp-block-column is-layout-flow wp-block-column-is-layout-flow\" style=\"flex-basis:66.66%\">\n<p class=\"has-neve-btn-bg-hover-color has-text-color\" style=\"font-size:24px\"><strong>Aarhus Adventure Challenge afholdes igen i 2026. S\u00e6t X i kalenderen d. 23. Maj.<\/strong><\/p>\n\n\n\n<p>Aarhus Adventure Challenge er \u00e5rets fedeste l\u00f8b med omdrejningspunkt i smilets by &#8211; Aarhus. L\u00f8bet er et \u00e6gte adventurerace, hvor du kan forvente at blive presset b\u00e5de fysisk og mentalt og p\u00e5 navigationsf\u00e6rdighederne, som kan v\u00e6re afg\u00f8rende for udfaldet p\u00e5 resultatlisten.<\/p>\n\n\n\n<p>Med to distancer &#8211; Fighter og Challenge &#8211; er der en distance for alle m\u00e5lgrupper:<br>&#8211; Fighter: l\u00f8bet er 3-6 timer og er for alle der har lyst til at udfordre sig selv, og have en uforglemmelig oplevelse med familie, venner, kolleger eller bekendte. P\u00e5 fighterdistancen vil navigationen v\u00e6re mere simpel end p\u00e5 challengedistancen.<br>&#8211; Challenge: l\u00f8bet er 7-10 timer og m\u00e5lrettet b\u00e5de garvede adventureracere og motionister der vil pr\u00f8ve lidt ekstra gr\u00e6nser af. Deltog du p\u00e5 Fighterdistancen i 2023 eller 2024, kan det v\u00e6re du nu har mod p\u00e5 at kaste dig ud i en st\u00f8rre udfordring p\u00e5 Challenge-distancen!<br><\/p>\n\n\n\n<p>Hvis du ikke har k\u00f8rt adventurerace f\u00f8r, s\u00e5 lad dig ikke skr\u00e6mme af de lidt uoverskuelige tidsrammer. Holdet styrer selv tempoet og navigationen kan s\u00e6tte en helt naturlig d\u00e6mper p\u00e5 tempoet, for det er nemlig jer selv, der skal finde vej p\u00e5 hele l\u00f8bet. N\u00e5r tiden er g\u00e5et k\u00f8res til m\u00e5l, og der kan v\u00e6re sl\u00f8jfer som nogen hold ikke n\u00e5r at gennemf\u00f8re.<\/p>\n\n\n\n<p>Hvis du er nysgerrig p\u00e5 sporten og bor i Aarhus, s\u00e5 benyt muligheden for at teste det med et l\u00f8b lige i baghaven.<br>Vi h\u00e5ber at \u00e5bne adventureraceverdenen for en masse seje nye ud\u00f8vere. S\u00e5 spring ud i det og se om det er noget for dig!<\/p>\n\n\n\n<p>F\u00f8lg os p\u00e5 <a href=\"https:\/\/www.facebook.com\/AarhusAdventureChallenge\" target=\"_blank\" rel=\"noreferrer noopener\">Facebook<\/a> eller p\u00e5 <a href=\"https:\/\/www.instagram.com\/aarhusadventurechallenge\/?hl=da\" target=\"_blank\" rel=\"noreferrer noopener\">Instagram<\/a> &#8211; s\u00e5 bliver du opdateret n\u00e5r der sker noget nyt!<\/p>\n\n\n\n<p>Vi gl\u00e6der os til at se dig og dit hold \ud83d\ude42<\/p>\n<\/div>\n\n\n\n<div class=\"wp-block-column is-layout-flow wp-block-column-is-layout-flow\" style=\"flex-basis:33.33%\">\n<iframe loading=\"lazy\" src=\"https:\/\/www.facebook.com\/plugins\/page.php?href=https%3A%2F%2Fwww.facebook.com%2FAarhus-Adventure-Challenge-104633551178106&amp;tabs=timeline&amp;width=400&amp;height=500&amp;small_header=true&amp;adapt_container_width=true&amp;hide_cover=false&amp;show_facepile=true&amp;appId=537297056292571\" style=\"border:none;overflow:hidden\" scrolling=\"no\" allowtransparency=\"true\" allow=\"encrypted-media\" width=\"400\" height=\"500\" frameborder=\"0\"><\/iframe>\n<\/div>\n<\/div>\n","protected":false},"excerpt":{"rendered":"<p>Aarhus Adventure Challenge afholdes igen i 2026. S\u00e6t X i kalenderen d. 23. Maj. Aarhus Adventure Challenge er \u00e5rets fedeste l\u00f8b med omdrejningspunkt i smilets by &#8211; Aarhus. L\u00f8bet er et \u00e6gte adventurerace, hvor du kan forvente at blive presset b\u00e5de fysisk og mentalt og p\u00e5 navigationsf\u00e6rdighederne, som kan v\u00e6re afg\u00f8rende for udfaldet p\u00e5 resultatlisten.&hellip;&nbsp;<a href=\"https:\/\/aarhuschallenge.dk\/\" rel=\"bookmark\">L\u00e6s mere &raquo;<span class=\"screen-reader-text\"><\/span><\/a><\/p>\n","protected":false},"author":1,"featured_media":0,"parent":0,"menu_order":0,"comment_status":"closed","ping_status":"closed","template":"","meta":{"neve_meta_sidebar":"","neve_meta_container":"","neve_meta_enable_content_width":"on","neve_meta_content_width":94,"neve_meta_title_alignment":"","neve_meta_author_avatar":"","neve_post_elements_order":"","neve_meta_disable_header":"","neve_meta_disable_footer":"","neve_meta_disable_title":"","footnotes":""},"class_list":["post-4","page","type-page","status-publish","hentry"],"_links":{"self":[{"href":"https:\/\/aarhuschallenge.dk\/index.php?rest_route=\/wp\/v2\/pages\/4","targetHints":{"allow":["GET"]}}],"collection":[{"href":"https:\/\/aarhuschallenge.dk\/index.php?rest_route=\/wp\/v2\/pages"}],"about":[{"href":"https:\/\/aarhuschallenge.dk\/index.php?rest_route=\/wp\/v2\/types\/page"}],"author":[{"embeddable":true,"href":"https:\/\/aarhuschallenge.dk\/index.php?rest_route=\/wp\/v2\/users\/1"}],"replies":[{"embeddable":true,"href":"https:\/\/aarhuschallenge.dk\/index.php?rest_route=%2Fwp%2Fv2%2Fcomments&post=4"}],"version-history":[{"count":101,"href":"https:\/\/aarhuschallenge.dk\/index.php?rest_route=\/wp\/v2\/pages\/4\/revisions"}],"predecessor-version":[{"id":767,"href":"https:\/\/aarhuschallenge.dk\/index.php?rest_route=\/wp\/v2\/pages\/4\/revisions\/767"}],"wp:attachment":[{"href":"https:\/\/aarhuschallenge.dk\/index.php?rest_route=%2Fwp%2Fv2%2Fmedia&parent=4"}],"curies":[{"name":"wp","href":"https:\/\/api.w.org\/{rel}","templated":true}]}}